{"id":2778,"date":"2020-09-09T11:47:35","date_gmt":"2020-09-09T09:47:35","guid":{"rendered":"https:\/\/singletrackglacensis.eu\/?page_id=2778"},"modified":"2020-09-09T11:47:35","modified_gmt":"2020-09-09T09:47:35","slug":"mapa-stranek","status":"publish","type":"page","link":"https:\/\/wcag.singletrackglacensis.eu\/cs\/mapa-stranek\/","title":{"rendered":"Mapa str\u00e1nek"},"content":{"rendered":"<div class=\"wsp-container\"><h2 class=\"wsp-pages-title\">Pages<\/h2>\n<ul class=\"wsp-pages-list\">\n<li class=\"page_item page-item-2736\"><a href=\"https:\/\/wcag.singletrackglacensis.eu\/cs\/\">Home<\/a><\/li>\n<li class=\"page_item page-item-2344\"><a href=\"https:\/\/wcag.singletrackglacensis.eu\/cs\/kontakt\/\">Kontakt<\/a><\/li>\n<li class=\"page_item page-item-2778\"><a href=\"https:\/\/wcag.singletrackglacensis.eu\/cs\/mapa-stranek\/\">Mapa str\u00e1nek<\/a><\/li>\n<li class=\"page_item page-item-772\"><a href=\"https:\/\/wcag.singletrackglacensis.eu\/cs\/map\/\">Mapa tras<\/a><\/li>\n<li class=\"page_item page-item-2621\"><a href=\"https:\/\/wcag.singletrackglacensis.eu\/cs\/novinky-a-oznameni\/\">Novinky a ozn\u00e1men\u00ed<\/a><\/li>\n<li class=\"page_item page-item-480\"><a href=\"https:\/\/wcag.singletrackglacensis.eu\/cs\/o-projektu\/\">O projektu<\/a><\/li>\n<li class=\"page_item page-item-2342\"><a href=\"https:\/\/wcag.singletrackglacensis.eu\/cs\/odkazy\/\">Odkazy<\/a><\/li>\n<li class=\"page_item page-item-2243\"><a href=\"https:\/\/wcag.singletrackglacensis.eu\/cs\/stahujte-mobilni-aplikace\/\">Stahujte mobiln\u00ed aplikace<\/a><\/li>\n<li class=\"page_item page-item-2783\"><a href=\"https:\/\/wcag.singletrackglacensis.eu\/cs\/zasady-ochrany-osobnich-udaju\/\">Z\u00e1sady ochrany osobn\u00edch \u00fadaj\u016f www.singletrackglacensis.eu<\/a><\/li>\n<\/ul>\n<h2 class=\"wsp-posts-title\">Posts by category<\/h2>\n<ul class=\"wsp-posts-list\">\n\t<li><strong class=\"wsp-category-title\">Category: <a href=\"https:\/\/wcag.singletrackglacensis.eu\/cs\/category\/uncategorized-cs\/\">Uncategorized @cs<\/a><\/strong>\n<\/li>\n<\/ul>\n<h2 class=\"wsp-nk_objects-title\">Atrakce<\/h2>\n<ul class=\"wsp-nk_objects-list\">\n<li><a href=\"https:\/\/wcag.singletrackglacensis.eu\/cs\/object\/prirodni-rezervace-wodospad-wilczki-miedzygorze\/\">P\u0159\u00edrodn\u00ed rezervace \u201eWodospad Wilczki\u201d - Mi\u0119dzyg\u00f3rze<\/a><\/li>\n<li><a href=\"https:\/\/wcag.singletrackglacensis.eu\/cs\/object\/prehrada-na-rece-wilczka-miedzygorze\/\">P\u0159ehrada na \u0159ece Wilczka - Mi\u0119dzyg\u00f3rze<\/a><\/li>\n<li><a href=\"https:\/\/wcag.singletrackglacensis.eu\/cs\/object\/prirodni-rezervace-wodospad-wilczki-miedzygorze\/\">P\u0159\u00edrodn\u00ed rezervace \u201eWodospad Wilczki\u201d, Mi\u0119dzyg\u00f3rze<\/a><\/li>\n<li><a href=\"https:\/\/wcag.singletrackglacensis.eu\/cs\/object\/prehrada-na-rece-wilczka-miedzygorze\/\">P\u0159ehrada na \u0159ece Wilczka - Mi\u0119dzyg\u00f3rze<\/a><\/li>\n<li><a href=\"https:\/\/wcag.singletrackglacensis.eu\/cs\/object\/kostel-panny-marie-snezne-svah-hory-igliczna-miedzygorze\/\">Kostel Panny Marie Sn\u011b\u017en\u00e9, svah hory Igliczna - Mi\u0119dzyg\u00f3rze<\/a><\/li>\n<li><a href=\"https:\/\/wcag.singletrackglacensis.eu\/cs\/object\/ogrod-bajek-pohadkova-zahrada-miedzygorze\/\">Ogr\u00f3d Bajek (Poh\u00e1dkov\u00e1 zahrada) - Mi\u0119dzyg\u00f3rze<\/a><\/li>\n<li><a href=\"https:\/\/wcag.singletrackglacensis.eu\/cs\/object\/hala-pod-snieznikiem-a-horska-chata-miedzygorze\/\">Hala pod \u015anie\u017cnikiem a horsk\u00e1 chata - Mi\u0119dzyg\u00f3rze<\/a><\/li>\n<li><a href=\"https:\/\/wcag.singletrackglacensis.eu\/cs\/object\/pasterskie-skaly-idzikow\/\">Pasterskie Ska\u0142y - Idzik\u00f3w<\/a><\/li>\n<li><a href=\"https:\/\/wcag.singletrackglacensis.eu\/cs\/object\/kostelik-sv-josefa-drevene-penzionove-staveni-skalki-z-19-stoleti-ul-wojska-polskiego-miedzygorze\/\">Kostel\u00edk sv. Josefa, d\u0159ev\u011bn\u00e9 penzionov\u00e9 staven\u00ed Ska\u0142ki z 19. stolet\u00ed, ul. Wojska Polskiego, Mi\u0119dzyg\u00f3rze<\/a><\/li>\n<li><a href=\"https:\/\/wcag.singletrackglacensis.eu\/cs\/object\/kostelik-sv-josefa-drevene-penzionove-staveni-skalki-z-19-stoleti-ul-wojska-polskiego-miedzygorze\/\">Kostel\u00edk sv. Josefa, d\u0159ev\u011bn\u00e9 penzionov\u00e9 staven\u00ed Ska\u0142ki z 19. stolet\u00ed, ul. Wojska Polskiego, Mi\u0119dzyg\u00f3rze<\/a><\/li>\n<\/ul>\n<h2 class=\"wsp-nk_tracks-title\">Trasy<\/h2>\n<ul class=\"wsp-nk_tracks-list\">\n<li><a href=\"https:\/\/wcag.singletrackglacensis.eu\/cs\/track\/peklak-ceska-trebova\/\">Pekl\u00e1k \u010cesk\u00e1 T\u0159ebov\u00e1<\/a><\/li>\n<li><a href=\"https:\/\/wcag.singletrackglacensis.eu\/cs\/track\/okruh-miedzygorze\/\">Okruh Mi\u0119dzyg\u00f3rze<\/a><\/li>\n<li><a href=\"https:\/\/wcag.singletrackglacensis.eu\/cs\/track\/okruh-jagodna\/\">Okruh Jagodna<\/a><\/li>\n<li><a href=\"https:\/\/wcag.singletrackglacensis.eu\/cs\/track\/okruh-pod-sneznikem\/\">Okruh Pod Sn\u011b\u017en\u00edkem<\/a><\/li>\n<li><a href=\"https:\/\/wcag.singletrackglacensis.eu\/cs\/track\/singletrack-zdobnice\/\">Singletrack Zdobnice<\/a><\/li>\n<li><a href=\"https:\/\/wcag.singletrackglacensis.eu\/cs\/track\/okruh-stronie-slaskie\/\">Okruh Stronie \u015al\u0105skie<\/a><\/li>\n<\/ul>\n<\/div>\n","protected":false},"excerpt":{"rendered":"","protected":false},"author":1,"featured_media":2776,"parent":0,"menu_order":0,"comment_status":"closed","ping_status":"closed","template":"","meta":{"footnotes":""},"class_list":["post-2778","page","type-page","status-publish","hentry"],"yoast_head":"<!-- This site is optimized with the Yoast SEO plugin v26.8 - https:\/\/yoast.com\/product\/yoast-seo-wordpress\/ -->\n<title>Mapa str\u00e1nek | Singletrack Glacensis<\/title>\n<meta name=\"robots\" content=\"index, follow, max-snippet:-1, max-image-preview:large, max-video-preview:-1\" \/>\n<link rel=\"canonical\" href=\"https:\/\/wcag.singletrackglacensis.eu\/cs\/mapa-stranek\/\" \/>\n<meta property=\"og:locale\" content=\"cs_CZ\" \/>\n<meta property=\"og:type\" content=\"article\" \/>\n<meta property=\"og:title\" content=\"Mapa str\u00e1nek | Singletrack Glacensis\" \/>\n<meta property=\"og:url\" content=\"https:\/\/wcag.singletrackglacensis.eu\/cs\/mapa-stranek\/\" \/>\n<meta property=\"og:site_name\" content=\"Singletrack Glacensis\" \/>\n<meta property=\"og:image\" content=\"https:\/\/wcag.singletrackglacensis.eu\/wp-content\/uploads\/2020\/09\/undraw_bookmarks_r6up.png\" \/>\n\t<meta property=\"og:image:width\" content=\"1073\" \/>\n\t<meta property=\"og:image:height\" content=\"838\" \/>\n\t<meta property=\"og:image:type\" content=\"image\/png\" \/>\n<meta name=\"twitter:card\" content=\"summary_large_image\" \/>\n<script type=\"application\/ld+json\" class=\"yoast-schema-graph\">{\"@context\":\"https:\/\/schema.org\",\"@graph\":[{\"@type\":\"WebPage\",\"@id\":\"https:\/\/wcag.singletrackglacensis.eu\/cs\/mapa-stranek\/\",\"url\":\"https:\/\/wcag.singletrackglacensis.eu\/cs\/mapa-stranek\/\",\"name\":\"Mapa str\u00e1nek | Singletrack Glacensis\",\"isPartOf\":{\"@id\":\"https:\/\/singletrackglacensis.eu\/en\/#website\"},\"primaryImageOfPage\":{\"@id\":\"https:\/\/wcag.singletrackglacensis.eu\/cs\/mapa-stranek\/#primaryimage\"},\"image\":{\"@id\":\"https:\/\/wcag.singletrackglacensis.eu\/cs\/mapa-stranek\/#primaryimage\"},\"thumbnailUrl\":\"https:\/\/wcag.singletrackglacensis.eu\/wp-content\/uploads\/2020\/09\/undraw_bookmarks_r6up.png\",\"datePublished\":\"2020-09-09T09:47:35+00:00\",\"breadcrumb\":{\"@id\":\"https:\/\/wcag.singletrackglacensis.eu\/cs\/mapa-stranek\/#breadcrumb\"},\"inLanguage\":\"cs\",\"potentialAction\":[{\"@type\":\"ReadAction\",\"target\":[\"https:\/\/wcag.singletrackglacensis.eu\/cs\/mapa-stranek\/\"]}]},{\"@type\":\"ImageObject\",\"inLanguage\":\"cs\",\"@id\":\"https:\/\/wcag.singletrackglacensis.eu\/cs\/mapa-stranek\/#primaryimage\",\"url\":\"https:\/\/wcag.singletrackglacensis.eu\/wp-content\/uploads\/2020\/09\/undraw_bookmarks_r6up.png\",\"contentUrl\":\"https:\/\/wcag.singletrackglacensis.eu\/wp-content\/uploads\/2020\/09\/undraw_bookmarks_r6up.png\",\"width\":1073,\"height\":838},{\"@type\":\"BreadcrumbList\",\"@id\":\"https:\/\/wcag.singletrackglacensis.eu\/cs\/mapa-stranek\/#breadcrumb\",\"itemListElement\":[{\"@type\":\"ListItem\",\"position\":1,\"name\":\"Home\",\"item\":\"https:\/\/www.singletrackglacensis.eu\/cs\/\"},{\"@type\":\"ListItem\",\"position\":2,\"name\":\"Mapa str\u00e1nek\"}]},{\"@type\":\"WebSite\",\"@id\":\"https:\/\/singletrackglacensis.eu\/en\/#website\",\"url\":\"https:\/\/singletrackglacensis.eu\/en\/\",\"name\":\"Singletrack Glacensis\",\"description\":\"\",\"publisher\":{\"@id\":\"https:\/\/singletrackglacensis.eu\/en\/#organization\"},\"potentialAction\":[{\"@type\":\"SearchAction\",\"target\":{\"@type\":\"EntryPoint\",\"urlTemplate\":\"https:\/\/singletrackglacensis.eu\/en\/?s={search_term_string}\"},\"query-input\":{\"@type\":\"PropertyValueSpecification\",\"valueRequired\":true,\"valueName\":\"search_term_string\"}}],\"inLanguage\":\"cs\"},{\"@type\":\"Organization\",\"@id\":\"https:\/\/singletrackglacensis.eu\/en\/#organization\",\"name\":\"Singletrack Glacensis\",\"url\":\"https:\/\/singletrackglacensis.eu\/en\/\",\"logo\":{\"@type\":\"ImageObject\",\"inLanguage\":\"cs\",\"@id\":\"https:\/\/singletrackglacensis.eu\/en\/#\/schema\/logo\/image\/\",\"url\":\"https:\/\/singletrackglacensis.eu\/wp-content\/uploads\/2020\/06\/st-logo.jpg\",\"contentUrl\":\"https:\/\/singletrackglacensis.eu\/wp-content\/uploads\/2020\/06\/st-logo.jpg\",\"width\":170,\"height\":70,\"caption\":\"Singletrack Glacensis\"},\"image\":{\"@id\":\"https:\/\/singletrackglacensis.eu\/en\/#\/schema\/logo\/image\/\"}}]}<\/script>\n<!-- \/ Yoast SEO plugin. -->","yoast_head_json":{"title":"Mapa str\u00e1nek | Singletrack Glacensis","robots":{"index":"index","follow":"follow","max-snippet":"max-snippet:-1","max-image-preview":"max-image-preview:large","max-video-preview":"max-video-preview:-1"},"canonical":"https:\/\/wcag.singletrackglacensis.eu\/cs\/mapa-stranek\/","og_locale":"cs_CZ","og_type":"article","og_title":"Mapa str\u00e1nek | Singletrack Glacensis","og_url":"https:\/\/wcag.singletrackglacensis.eu\/cs\/mapa-stranek\/","og_site_name":"Singletrack Glacensis","og_image":[{"width":1073,"height":838,"url":"https:\/\/wcag.singletrackglacensis.eu\/wp-content\/uploads\/2020\/09\/undraw_bookmarks_r6up.png","type":"image\/png"}],"twitter_card":"summary_large_image","schema":{"@context":"https:\/\/schema.org","@graph":[{"@type":"WebPage","@id":"https:\/\/wcag.singletrackglacensis.eu\/cs\/mapa-stranek\/","url":"https:\/\/wcag.singletrackglacensis.eu\/cs\/mapa-stranek\/","name":"Mapa str\u00e1nek | Singletrack Glacensis","isPartOf":{"@id":"https:\/\/singletrackglacensis.eu\/en\/#website"},"primaryImageOfPage":{"@id":"https:\/\/wcag.singletrackglacensis.eu\/cs\/mapa-stranek\/#primaryimage"},"image":{"@id":"https:\/\/wcag.singletrackglacensis.eu\/cs\/mapa-stranek\/#primaryimage"},"thumbnailUrl":"https:\/\/wcag.singletrackglacensis.eu\/wp-content\/uploads\/2020\/09\/undraw_bookmarks_r6up.png","datePublished":"2020-09-09T09:47:35+00:00","breadcrumb":{"@id":"https:\/\/wcag.singletrackglacensis.eu\/cs\/mapa-stranek\/#breadcrumb"},"inLanguage":"cs","potentialAction":[{"@type":"ReadAction","target":["https:\/\/wcag.singletrackglacensis.eu\/cs\/mapa-stranek\/"]}]},{"@type":"ImageObject","inLanguage":"cs","@id":"https:\/\/wcag.singletrackglacensis.eu\/cs\/mapa-stranek\/#primaryimage","url":"https:\/\/wcag.singletrackglacensis.eu\/wp-content\/uploads\/2020\/09\/undraw_bookmarks_r6up.png","contentUrl":"https:\/\/wcag.singletrackglacensis.eu\/wp-content\/uploads\/2020\/09\/undraw_bookmarks_r6up.png","width":1073,"height":838},{"@type":"BreadcrumbList","@id":"https:\/\/wcag.singletrackglacensis.eu\/cs\/mapa-stranek\/#breadcrumb","itemListElement":[{"@type":"ListItem","position":1,"name":"Home","item":"https:\/\/www.singletrackglacensis.eu\/cs\/"},{"@type":"ListItem","position":2,"name":"Mapa str\u00e1nek"}]},{"@type":"WebSite","@id":"https:\/\/singletrackglacensis.eu\/en\/#website","url":"https:\/\/singletrackglacensis.eu\/en\/","name":"Singletrack Glacensis","description":"","publisher":{"@id":"https:\/\/singletrackglacensis.eu\/en\/#organization"},"potentialAction":[{"@type":"SearchAction","target":{"@type":"EntryPoint","urlTemplate":"https:\/\/singletrackglacensis.eu\/en\/?s={search_term_string}"},"query-input":{"@type":"PropertyValueSpecification","valueRequired":true,"valueName":"search_term_string"}}],"inLanguage":"cs"},{"@type":"Organization","@id":"https:\/\/singletrackglacensis.eu\/en\/#organization","name":"Singletrack Glacensis","url":"https:\/\/singletrackglacensis.eu\/en\/","logo":{"@type":"ImageObject","inLanguage":"cs","@id":"https:\/\/singletrackglacensis.eu\/en\/#\/schema\/logo\/image\/","url":"https:\/\/singletrackglacensis.eu\/wp-content\/uploads\/2020\/06\/st-logo.jpg","contentUrl":"https:\/\/singletrackglacensis.eu\/wp-content\/uploads\/2020\/06\/st-logo.jpg","width":170,"height":70,"caption":"Singletrack Glacensis"},"image":{"@id":"https:\/\/singletrackglacensis.eu\/en\/#\/schema\/logo\/image\/"}}]}},"_links":{"self":[{"href":"https:\/\/wcag.singletrackglacensis.eu\/cs\/wp-json\/wp\/v2\/pages\/2778","targetHints":{"allow":["GET"]}}],"collection":[{"href":"https:\/\/wcag.singletrackglacensis.eu\/cs\/wp-json\/wp\/v2\/pages"}],"about":[{"href":"https:\/\/wcag.singletrackglacensis.eu\/cs\/wp-json\/wp\/v2\/types\/page"}],"author":[{"embeddable":true,"href":"https:\/\/wcag.singletrackglacensis.eu\/cs\/wp-json\/wp\/v2\/users\/1"}],"replies":[{"embeddable":true,"href":"https:\/\/wcag.singletrackglacensis.eu\/cs\/wp-json\/wp\/v2\/comments?post=2778"}],"version-history":[{"count":1,"href":"https:\/\/wcag.singletrackglacensis.eu\/cs\/wp-json\/wp\/v2\/pages\/2778\/revisions"}],"predecessor-version":[{"id":2779,"href":"https:\/\/wcag.singletrackglacensis.eu\/cs\/wp-json\/wp\/v2\/pages\/2778\/revisions\/2779"}],"wp:featuredmedia":[{"embeddable":true,"href":"https:\/\/wcag.singletrackglacensis.eu\/cs\/wp-json\/wp\/v2\/media\/2776"}],"wp:attachment":[{"href":"https:\/\/wcag.singletrackglacensis.eu\/cs\/wp-json\/wp\/v2\/media?parent=2778"}],"curies":[{"name":"wp","href":"https:\/\/api.w.org\/{rel}","templated":true}]}}