{"id":2783,"date":"2020-09-09T12:01:06","date_gmt":"2020-09-09T10:01:06","guid":{"rendered":"https:\/\/singletrackglacensis.eu\/?page_id=2783"},"modified":"2020-10-07T11:25:26","modified_gmt":"2020-10-07T09:25:26","slug":"zasady-ochrany-osobnich-udaju","status":"publish","type":"page","link":"https:\/\/wcag.singletrackglacensis.eu\/cs\/zasady-ochrany-osobnich-udaju\/","title":{"rendered":"Z\u00e1sady ochrany osobn\u00edch \u00fadaj\u016f www.singletrackglacensis.eu"},"content":{"rendered":"<p style=\"text-align: center;\">\u00a7 1<\/p>\n<p style=\"text-align: center;\">OBECN\u00c1 USTANOVEN\u00cd<\/p>\n<p>Spr\u00e1vcem \u00fadaj\u016f shrom\u00e1\u017ed\u011bn\u00fdch prost\u0159ednictv\u00edm webov\u00fdch str\u00e1nek www.singletrackglacensis.eu je <strong>Obec Bystrzyca Kladska<\/strong> se s\u00eddlem ul. Plac Wolno\u015bci 1, 57-500 Bystrzyca Kladska, NIP: 881-10-06-578, e-mail: <strong>turystyka@bystrzycaklodzka.pl<\/strong> nebo <strong>it-bystrzycaklodzka@wp.pl<\/strong>, d\u00e1le jen \u201espr\u00e1vce\u201c a je tak\u00e9 poskytovatelem slu\u017eeb.<\/p>\n<p style=\"text-align: center;\"><strong>\u00a7 2<\/strong><\/p>\n<p style=\"text-align: center;\"><strong>\u00da\u010cEL A ROZSAH SB\u011aRU \u00daDAJ\u016e<\/strong><\/p>\n<p style=\"text-align: left;\">Web neshroma\u017e\u010fuje a neukl\u00e1d\u00e1 osobn\u00ed \u00fadaje.<\/p>\n<p style=\"text-align: center;\">\n<strong>\u00a7 3<\/strong><\/p>\n<p style=\"text-align: center;\"><strong>\u201eCOOKIES\u201c<\/strong><\/p>\n<ol>\n<li>Web poskytovatele slu\u017eeb pou\u017e\u00edv\u00e1 \u201ecookies\u201c. \u017d\u00e1dn\u00e1 zm\u011bna v nastaven\u00ed prohl\u00ed\u017ee\u010de ze strany u\u017eivatele slu\u017eby se nerovn\u00e1 souhlasu s jejich pou\u017e\u00edv\u00e1n\u00edm.<\/li>\n<li>Instalace \u201ecookies\u201c je nezbytn\u00e1 pro \u0159\u00e1dn\u00e9 poskytov\u00e1n\u00ed slu\u017eeb na webov\u00fdch str\u00e1nk\u00e1ch. Soubory \u201ecookies\u201c obsahuj\u00ed informace nezbytn\u00e9 pro \u0159\u00e1dn\u00e9 fungov\u00e1n\u00ed webov\u00fdch str\u00e1nek, zejm\u00e9na ty, kter\u00e9 vy\u017eaduj\u00ed povolen\u00ed.<\/li>\n<li>Web pou\u017e\u00edv\u00e1 t\u0159i typy \u201ecookies\u201c: \u201erelace\u201c, \u201etrval\u00e9\u201c a \u201eanalytick\u00e9\u201c.<\/li>\n<li>Soubory cookie \u201erelace\u201c jsou do\u010dasn\u00e9 soubory, kter\u00e9 se ukl\u00e1daj\u00ed na koncov\u00e9m za\u0159\u00edzen\u00ed u\u017eivatele a\u017e do odhl\u00e1\u0161en\u00ed (opu\u0161t\u011bn\u00ed webov\u00e9 str\u00e1nky).<\/li>\n<li>\u201eTrval\u00e9\u201c cookies se ukl\u00e1daj\u00ed v koncov\u00e9m za\u0159\u00edzen\u00ed z\u00e1kazn\u00edka po dobu uvedenou v parametrech \u201ecookies\u201c nebo do doby, ne\u017e je z\u00e1kazn\u00edk sma\u017ee.<\/li>\n<li>\u201eAnalytick\u00e9\u201c soubory cookie umo\u017e\u0148uj\u00ed lep\u0161\u00ed pochopen\u00ed interakce z\u00e1kazn\u00edka s obsahem webov\u00fdch str\u00e1nek a lep\u0161\u00ed organizaci jeho rozvr\u017een\u00ed. \u201eAnalytick\u00e9\u201c \u201esoubory cookie\u201c shroma\u017e\u010fuj\u00ed informace o zp\u016fsobu, jak\u00fdm je slu\u017eba pou\u017e\u00edv\u00e1na p\u0159\u00edjemcem slu\u017eby, typu str\u00e1nky, ze kter\u00e9 byl p\u0159\u00edjemce slu\u017eby p\u0159esm\u011brov\u00e1n, a po\u010dtu n\u00e1v\u0161t\u011bv a \u010dasu n\u00e1v\u0161t\u011bvy p\u0159\u00edjemce na webu. Tyto informace nezaznamen\u00e1vaj\u00ed konkr\u00e9tn\u00ed osobn\u00ed \u00fadaje P\u0159\u00edjemce slu\u017eby, ale slou\u017e\u00ed k sestavov\u00e1n\u00ed statistik o pou\u017e\u00edv\u00e1n\u00ed webov\u00fdch str\u00e1nek.<\/li>\n<li>P\u0159\u00edjemce slu\u017eby m\u00e1 pr\u00e1vo rozhodnout o p\u0159\u00edstupu \u201ecookies\u201c k jeho po\u010d\u00edta\u010di jejich v\u00fdb\u011brem v okn\u011b jeho prohl\u00ed\u017ee\u010de. Podrobn\u00e9 informace o mo\u017enostech a metod\u00e1ch nakl\u00e1d\u00e1n\u00ed s \u201ecookies\u201c jsou k dispozici v nastaven\u00ed softwaru (webov\u00e9ho prohl\u00ed\u017ee\u010de).<\/li>\n<\/ol>\n<p style=\"text-align: center;\"><strong>\u00a7 4<\/strong><\/p>\n<p style=\"text-align: center;\"><strong>Z\u00c1V\u011aRE\u010cN\u00c1 USTANOVEN\u00cd<\/strong><\/p>\n<ol>\n<li>Web neshroma\u017e\u010fuje a neukl\u00e1d\u00e1 osobn\u00ed \u00fadaje.<\/li>\n<li>Web pou\u017e\u00edv\u00e1 cookies, kter\u00e9 jsou pops\u00e1ny v \u00a7 3.<\/li>\n<\/ol>\n","protected":false},"excerpt":{"rendered":"<p>\u00a7 1 OBECN\u00c1 USTANOVEN\u00cd Spr\u00e1vcem \u00fadaj\u016f shrom\u00e1\u017ed\u011bn\u00fdch prost\u0159ednictv\u00edm webov\u00fdch str\u00e1nek www.singletrackglacensis.eu je Obec Bystrzyca Kladska se s\u00eddlem ul. Plac Wolno\u015bci 1, 57-500 Bystrzyca Kladska, NIP: 881-10-06-578, e-mail: turystyka@bystrzycaklodzka.pl nebo it-bystrzycaklodzka@wp.pl, d\u00e1le jen \u201espr\u00e1vce\u201c a je tak\u00e9 poskytovatelem slu\u017eeb. \u00a7 2 \u00da\u010cEL A ROZSAH SB\u011aRU \u00daDAJ\u016e Web neshroma\u017e\u010fuje a neukl\u00e1d\u00e1 osobn\u00ed \u00fadaje. \u00a7 3 \u201eCOOKIES\u201c Web [&hellip;]<\/p>\n","protected":false},"author":1,"featured_media":0,"parent":0,"menu_order":0,"comment_status":"closed","ping_status":"open","template":"","meta":{"footnotes":""},"class_list":["post-2783","page","type-page","status-publish","hentry"],"yoast_head":"<!-- This site is optimized with the Yoast SEO plugin v26.8 - https:\/\/yoast.com\/product\/yoast-seo-wordpress\/ -->\n<title>Z\u00e1sady ochrany osobn\u00edch \u00fadaj\u016f www.singletrackglacensis.eu | Singletrack Glacensis<\/title>\n<meta name=\"robots\" content=\"index, follow, max-snippet:-1, max-image-preview:large, max-video-preview:-1\" \/>\n<link rel=\"canonical\" href=\"https:\/\/www.singletrackglacensis.eu\/cs\/zasady-ochrany-osobnich-udaju\/\" \/>\n<meta property=\"og:locale\" content=\"cs_CZ\" \/>\n<meta property=\"og:type\" content=\"article\" \/>\n<meta property=\"og:title\" content=\"Z\u00e1sady ochrany osobn\u00edch \u00fadaj\u016f www.singletrackglacensis.eu | Singletrack Glacensis\" \/>\n<meta property=\"og:description\" content=\"\u00a7 1 OBECN\u00c1 USTANOVEN\u00cd Spr\u00e1vcem \u00fadaj\u016f shrom\u00e1\u017ed\u011bn\u00fdch prost\u0159ednictv\u00edm webov\u00fdch str\u00e1nek www.singletrackglacensis.eu je Obec Bystrzyca Kladska se s\u00eddlem ul. Plac Wolno\u015bci 1, 57-500 Bystrzyca Kladska, NIP: 881-10-06-578, e-mail: turystyka@bystrzycaklodzka.pl nebo it-bystrzycaklodzka@wp.pl, d\u00e1le jen \u201espr\u00e1vce\u201c a je tak\u00e9 poskytovatelem slu\u017eeb. \u00a7 2 \u00da\u010cEL A ROZSAH SB\u011aRU \u00daDAJ\u016e Web neshroma\u017e\u010fuje a neukl\u00e1d\u00e1 osobn\u00ed \u00fadaje. \u00a7 3 \u201eCOOKIES\u201c Web [&hellip;]\" \/>\n<meta property=\"og:url\" content=\"https:\/\/www.singletrackglacensis.eu\/cs\/zasady-ochrany-osobnich-udaju\/\" \/>\n<meta property=\"og:site_name\" content=\"Singletrack Glacensis\" \/>\n<meta property=\"article:modified_time\" content=\"2020-10-07T09:25:26+00:00\" \/>\n<meta name=\"twitter:card\" content=\"summary_large_image\" \/>\n<meta name=\"twitter:label1\" content=\"Odhadovan\u00e1 doba \u010dten\u00ed\" \/>\n\t<meta name=\"twitter:data1\" content=\"2 minuty\" \/>\n<script type=\"application\/ld+json\" class=\"yoast-schema-graph\">{\"@context\":\"https:\/\/schema.org\",\"@graph\":[{\"@type\":\"WebPage\",\"@id\":\"https:\/\/www.singletrackglacensis.eu\/cs\/zasady-ochrany-osobnich-udaju\/\",\"url\":\"https:\/\/www.singletrackglacensis.eu\/cs\/zasady-ochrany-osobnich-udaju\/\",\"name\":\"Z\u00e1sady ochrany osobn\u00edch \u00fadaj\u016f www.singletrackglacensis.eu | Singletrack Glacensis\",\"isPartOf\":{\"@id\":\"https:\/\/www.singletrackglacensis.eu\/en\/#website\"},\"datePublished\":\"2020-09-09T10:01:06+00:00\",\"dateModified\":\"2020-10-07T09:25:26+00:00\",\"breadcrumb\":{\"@id\":\"https:\/\/www.singletrackglacensis.eu\/cs\/zasady-ochrany-osobnich-udaju\/#breadcrumb\"},\"inLanguage\":\"cs\",\"potentialAction\":[{\"@type\":\"ReadAction\",\"target\":[\"https:\/\/www.singletrackglacensis.eu\/cs\/zasady-ochrany-osobnich-udaju\/\"]}]},{\"@type\":\"BreadcrumbList\",\"@id\":\"https:\/\/www.singletrackglacensis.eu\/cs\/zasady-ochrany-osobnich-udaju\/#breadcrumb\",\"itemListElement\":[{\"@type\":\"ListItem\",\"position\":1,\"name\":\"Home\",\"item\":\"https:\/\/wcag.singletrackglacensis.eu\/cs\/\"},{\"@type\":\"ListItem\",\"position\":2,\"name\":\"Z\u00e1sady ochrany osobn\u00edch \u00fadaj\u016f www.singletrackglacensis.eu\"}]},{\"@type\":\"WebSite\",\"@id\":\"https:\/\/www.singletrackglacensis.eu\/en\/#website\",\"url\":\"https:\/\/www.singletrackglacensis.eu\/en\/\",\"name\":\"Singletrack Glacensis\",\"description\":\"\",\"publisher\":{\"@id\":\"https:\/\/www.singletrackglacensis.eu\/en\/#organization\"},\"potentialAction\":[{\"@type\":\"SearchAction\",\"target\":{\"@type\":\"EntryPoint\",\"urlTemplate\":\"https:\/\/www.singletrackglacensis.eu\/en\/?s={search_term_string}\"},\"query-input\":{\"@type\":\"PropertyValueSpecification\",\"valueRequired\":true,\"valueName\":\"search_term_string\"}}],\"inLanguage\":\"cs\"},{\"@type\":\"Organization\",\"@id\":\"https:\/\/www.singletrackglacensis.eu\/en\/#organization\",\"name\":\"Singletrack Glacensis\",\"url\":\"https:\/\/www.singletrackglacensis.eu\/en\/\",\"logo\":{\"@type\":\"ImageObject\",\"inLanguage\":\"cs\",\"@id\":\"https:\/\/www.singletrackglacensis.eu\/en\/#\/schema\/logo\/image\/\",\"url\":\"https:\/\/singletrackglacensis.eu\/wp-content\/uploads\/2020\/06\/st-logo.jpg\",\"contentUrl\":\"https:\/\/singletrackglacensis.eu\/wp-content\/uploads\/2020\/06\/st-logo.jpg\",\"width\":170,\"height\":70,\"caption\":\"Singletrack Glacensis\"},\"image\":{\"@id\":\"https:\/\/www.singletrackglacensis.eu\/en\/#\/schema\/logo\/image\/\"}}]}<\/script>\n<!-- \/ Yoast SEO plugin. -->","yoast_head_json":{"title":"Z\u00e1sady ochrany osobn\u00edch \u00fadaj\u016f www.singletrackglacensis.eu | Singletrack Glacensis","robots":{"index":"index","follow":"follow","max-snippet":"max-snippet:-1","max-image-preview":"max-image-preview:large","max-video-preview":"max-video-preview:-1"},"canonical":"https:\/\/www.singletrackglacensis.eu\/cs\/zasady-ochrany-osobnich-udaju\/","og_locale":"cs_CZ","og_type":"article","og_title":"Z\u00e1sady ochrany osobn\u00edch \u00fadaj\u016f www.singletrackglacensis.eu | Singletrack Glacensis","og_description":"\u00a7 1 OBECN\u00c1 USTANOVEN\u00cd Spr\u00e1vcem \u00fadaj\u016f shrom\u00e1\u017ed\u011bn\u00fdch prost\u0159ednictv\u00edm webov\u00fdch str\u00e1nek www.singletrackglacensis.eu je Obec Bystrzyca Kladska se s\u00eddlem ul. Plac Wolno\u015bci 1, 57-500 Bystrzyca Kladska, NIP: 881-10-06-578, e-mail: turystyka@bystrzycaklodzka.pl nebo it-bystrzycaklodzka@wp.pl, d\u00e1le jen \u201espr\u00e1vce\u201c a je tak\u00e9 poskytovatelem slu\u017eeb. \u00a7 2 \u00da\u010cEL A ROZSAH SB\u011aRU \u00daDAJ\u016e Web neshroma\u017e\u010fuje a neukl\u00e1d\u00e1 osobn\u00ed \u00fadaje. \u00a7 3 \u201eCOOKIES\u201c Web [&hellip;]","og_url":"https:\/\/www.singletrackglacensis.eu\/cs\/zasady-ochrany-osobnich-udaju\/","og_site_name":"Singletrack Glacensis","article_modified_time":"2020-10-07T09:25:26+00:00","twitter_card":"summary_large_image","twitter_misc":{"Odhadovan\u00e1 doba \u010dten\u00ed":"2 minuty"},"schema":{"@context":"https:\/\/schema.org","@graph":[{"@type":"WebPage","@id":"https:\/\/www.singletrackglacensis.eu\/cs\/zasady-ochrany-osobnich-udaju\/","url":"https:\/\/www.singletrackglacensis.eu\/cs\/zasady-ochrany-osobnich-udaju\/","name":"Z\u00e1sady ochrany osobn\u00edch \u00fadaj\u016f www.singletrackglacensis.eu | Singletrack Glacensis","isPartOf":{"@id":"https:\/\/www.singletrackglacensis.eu\/en\/#website"},"datePublished":"2020-09-09T10:01:06+00:00","dateModified":"2020-10-07T09:25:26+00:00","breadcrumb":{"@id":"https:\/\/www.singletrackglacensis.eu\/cs\/zasady-ochrany-osobnich-udaju\/#breadcrumb"},"inLanguage":"cs","potentialAction":[{"@type":"ReadAction","target":["https:\/\/www.singletrackglacensis.eu\/cs\/zasady-ochrany-osobnich-udaju\/"]}]},{"@type":"BreadcrumbList","@id":"https:\/\/www.singletrackglacensis.eu\/cs\/zasady-ochrany-osobnich-udaju\/#breadcrumb","itemListElement":[{"@type":"ListItem","position":1,"name":"Home","item":"https:\/\/wcag.singletrackglacensis.eu\/cs\/"},{"@type":"ListItem","position":2,"name":"Z\u00e1sady ochrany osobn\u00edch \u00fadaj\u016f www.singletrackglacensis.eu"}]},{"@type":"WebSite","@id":"https:\/\/www.singletrackglacensis.eu\/en\/#website","url":"https:\/\/www.singletrackglacensis.eu\/en\/","name":"Singletrack Glacensis","description":"","publisher":{"@id":"https:\/\/www.singletrackglacensis.eu\/en\/#organization"},"potentialAction":[{"@type":"SearchAction","target":{"@type":"EntryPoint","urlTemplate":"https:\/\/www.singletrackglacensis.eu\/en\/?s={search_term_string}"},"query-input":{"@type":"PropertyValueSpecification","valueRequired":true,"valueName":"search_term_string"}}],"inLanguage":"cs"},{"@type":"Organization","@id":"https:\/\/www.singletrackglacensis.eu\/en\/#organization","name":"Singletrack Glacensis","url":"https:\/\/www.singletrackglacensis.eu\/en\/","logo":{"@type":"ImageObject","inLanguage":"cs","@id":"https:\/\/www.singletrackglacensis.eu\/en\/#\/schema\/logo\/image\/","url":"https:\/\/singletrackglacensis.eu\/wp-content\/uploads\/2020\/06\/st-logo.jpg","contentUrl":"https:\/\/singletrackglacensis.eu\/wp-content\/uploads\/2020\/06\/st-logo.jpg","width":170,"height":70,"caption":"Singletrack Glacensis"},"image":{"@id":"https:\/\/www.singletrackglacensis.eu\/en\/#\/schema\/logo\/image\/"}}]}},"_links":{"self":[{"href":"https:\/\/wcag.singletrackglacensis.eu\/cs\/wp-json\/wp\/v2\/pages\/2783","targetHints":{"allow":["GET"]}}],"collection":[{"href":"https:\/\/wcag.singletrackglacensis.eu\/cs\/wp-json\/wp\/v2\/pages"}],"about":[{"href":"https:\/\/wcag.singletrackglacensis.eu\/cs\/wp-json\/wp\/v2\/types\/page"}],"author":[{"embeddable":true,"href":"https:\/\/wcag.singletrackglacensis.eu\/cs\/wp-json\/wp\/v2\/users\/1"}],"replies":[{"embeddable":true,"href":"https:\/\/wcag.singletrackglacensis.eu\/cs\/wp-json\/wp\/v2\/comments?post=2783"}],"version-history":[{"count":3,"href":"https:\/\/wcag.singletrackglacensis.eu\/cs\/wp-json\/wp\/v2\/pages\/2783\/revisions"}],"predecessor-version":[{"id":2852,"href":"https:\/\/wcag.singletrackglacensis.eu\/cs\/wp-json\/wp\/v2\/pages\/2783\/revisions\/2852"}],"wp:attachment":[{"href":"https:\/\/wcag.singletrackglacensis.eu\/cs\/wp-json\/wp\/v2\/media?parent=2783"}],"curies":[{"name":"wp","href":"https:\/\/api.w.org\/{rel}","templated":true}]}}