{"id":480,"date":"2020-06-03T11:35:21","date_gmt":"2020-06-03T09:35:21","guid":{"rendered":"https:\/\/singletrack.test.netk.pl\/?page_id=480"},"modified":"2020-09-30T15:53:46","modified_gmt":"2020-09-30T13:53:46","slug":"o-projektu","status":"publish","type":"page","link":"https:\/\/wcag.singletrackglacensis.eu\/cs\/o-projektu\/","title":{"rendered":"O projektu"},"content":{"rendered":"<p><strong>C\u00edle projektu<\/strong><\/p>\n<ul>\n<li>C\u00edlem projektu je vytvo\u0159it v regionu Orlick\u00fdch a Byst\u0159ick\u00fdch hor a podh\u016f\u0159\u00ed nov\u00fd atraktivn\u00ed produkt cestovn\u00edho ruchu \u0161etrn\u00fd k p\u0159\u00edrod\u011b,<\/li>\n<li><u>4 bike are\u00e1ly se singletracky:<\/u> Pekl\u00e1k \u010cesk\u00e1 T\u0159ebov\u00e1, Zdobnice v Orl. Hor\u00e1ch, Spalona, Miedzygorze,<\/li>\n<li>zna\u010den\u00e9 spojky s logem Singletrack Glacensis mezi are\u00e1ly,<\/li>\n<li>propaga\u010dn\u00ed a informa\u010dn\u00ed \u010dinnost. V are\u00e1lu Pekl\u00e1k prob\u011bhne ve\u0159ejn\u00e1 bikersk\u00e1.<\/li>\n<li style=\"list-style-type: none;\"><\/li>\n<\/ul>\n<p><strong>Hlavn\u00ed p\u0159\u00edjemce<\/strong><\/p>\n<ul>\n<li>Region Orlicko-T\u0159ebovsko<\/li>\n<\/ul>\n<p><strong>Partne\u0159i projektu<\/strong><\/p>\n<ul>\n<li>na \u010desk\u00e9 stran\u011b &#8211; Obec Zdobnice<\/li>\n<li>na polsk\u00e9 stran\u011b &#8211; Gmina Bystrzyca K\u0142odzka<\/li>\n<\/ul>\n<p><strong>Projekt je financov\u00e1n z prost\u0159edk\u016f EU<\/strong><\/p>\n<p><img loading=\"lazy\" decoding=\"async\" class=\"alignnone wp-image-2829 size-thumbnail\" src=\"https:\/\/singletrackglacensis.eu\/wp-content\/uploads\/2020\/09\/logo-full-150x53.png\" alt=\"Brak opisu obrazka\" width=\"150\" height=\"53\" srcset=\"https:\/\/wcag.singletrackglacensis.eu\/wp-content\/uploads\/2020\/09\/logo-full-150x53.png 150w, https:\/\/wcag.singletrackglacensis.eu\/wp-content\/uploads\/2020\/09\/logo-full.png 305w\" sizes=\"auto, (max-width: 150px) 100vw, 150px\" \/><\/p>\n<p><img loading=\"lazy\" decoding=\"async\" class=\"alignnone wp-image-934\" src=\"https:\/\/singletrackglacensis.eu\/wp-content\/uploads\/2020\/06\/logo-singletrack-spalona-3-150x115.jpg\" alt=\"Brak opisu obrazka\" width=\"152\" height=\"50\" srcset=\"https:\/\/wcag.singletrackglacensis.eu\/wp-content\/uploads\/2020\/06\/logo-singletrack-spalona-3-300x99.jpg 300w, https:\/\/wcag.singletrackglacensis.eu\/wp-content\/uploads\/2020\/06\/logo-singletrack-spalona-3.jpg 350w\" sizes=\"auto, (max-width: 152px) 100vw, 152px\" \/> <img loading=\"lazy\" decoding=\"async\" class=\"alignnone wp-image-814 size-thumbnail\" src=\"https:\/\/singletrackglacensis.eu\/wp-content\/uploads\/2020\/06\/Bike-resort-Peklak-150x150.jpg\" alt=\"Brak opisu obrazka\" width=\"150\" height=\"50\" \/><\/p>\n<p><img loading=\"lazy\" decoding=\"async\" class=\"alignnone wp-image-759\" src=\"https:\/\/singletrackglacensis.eu\/wp-content\/uploads\/2020\/05\/logo-singletrack-miedzygorze-150x112.png\" alt=\"Brak opisu obrazka\" width=\"151\" height=\"50\" srcset=\"https:\/\/wcag.singletrackglacensis.eu\/wp-content\/uploads\/2020\/05\/logo-singletrack-miedzygorze-300x99.png 300w, https:\/\/wcag.singletrackglacensis.eu\/wp-content\/uploads\/2020\/05\/logo-singletrack-miedzygorze.png 339w\" sizes=\"auto, (max-width: 151px) 100vw, 151px\" \/>\u00a0 \u00a0<img loading=\"lazy\" decoding=\"async\" class=\"alignnone wp-image-755\" src=\"https:\/\/singletrackglacensis.eu\/wp-content\/uploads\/2020\/06\/logo-singletrack-zdobnice.png\" alt=\"Brak opisu obrazka\" width=\"142\" height=\"50\" \/><\/p>\n<p>&nbsp;<\/p>\n<p>Singltrek Glacensis je nejv\u011bt\u0161\u00ed s\u00edt\u00ed cyklotras proch\u00e1zej\u00edc\u00edch \u00fazk\u00fdmi lesn\u00edmi cestami v\u00a0horsk\u00e9m ter\u00e9nu. V\u0161echny trasy jsou jednosm\u011brn\u00e9 s\u00a0r\u016fzn\u00fdm stupn\u011bm obt\u00ed\u017enosti. Pro turisty bylo vybudov\u00e1no 220\u00a0km funk\u010dn\u011b propojen\u00fdch cyklotras, d\u00edky nim\u017e m\u016f\u017eeme nav\u0161t\u00edvit i na\u0161e \u010desk\u00e9 sousedy.<\/p>\n<p>Trasy se nach\u00e1zej\u00ed v t\u011bchto oblastech:<\/p>\n<ol>\n<li>na polsk\u00e9 stran\u011b se jedn\u00e1 o obce Bardo, Gmina Wiejska K\u0142odzko, Z\u0142oty Stok, L\u0105dek-Zdr\u00f3j, Stronie \u015al\u0105skie, Bystrzyca K\u0142odzka, Mi\u0119dzylesie, Kudowa-Zdr\u00f3j a Dusznik-Zdr\u00f3j,<\/li>\n<li>na \u010desk\u00e9 stran\u011b se jedn\u00e1 o obce \u010cerven\u00e1 Voda \u2013 Sdru\u017een\u00ed obc\u00ed Orlicko, Zdobnice, Region Orlicko-T\u0159ebovsko a Doln\u00ed Morava.<\/li>\n<\/ol>\n<p>V r\u00e1mci projektu \u201eSingltrek Glacensis\u201c byla vybudov\u00e1na \u010desko-polsk\u00e1 s\u00ed\u0165 cyklotras:<\/p>\n<ol>\n<li>na Pekl\u00e1ku v\u00a0\u010cesk\u00e9 T\u0159ebov\u00e9: 15 km tras typu singltrek st\u0159edn\u00ed a vysok\u00e9 obt\u00ed\u017enosti, 4 km sjezdov\u00fdch trat\u00ed, 25 km zna\u010den\u00fdch tras MTB v\u010detn\u011b z\u00e1zem\u00ed a parkovi\u0161t\u011b,<\/li>\n<li>ve Zdobnic\u00edch 10 km rekrea\u010dn\u00edch tras n\u00edzk\u00e9 a st\u0159edn\u00ed obt\u00ed\u017enosti v\u010detn\u011b speci\u00e1ln\u00ed trasy pro d\u011bti,<\/li>\n<li>v\u00a0obci Bystrzyca K\u0142odzka:<\/li>\n<\/ol>\n<ul>\n<li>Spalona (Byst\u0159ick\u00e9 hory) rekrea\u010dn\u00ed okruh 14,1 km n\u00edzk\u00e9 a st\u0159edn\u00ed obt\u00ed\u017enosti vedouc\u00ed na vrchol Jagodna,<\/li>\n<li>propojen\u00ed tras v Kr\u00e1lick\u00e9m Sn\u011b\u017en\u00edku: Okruh pod Sn\u011b\u017en\u00edkem, Okruh Mi\u0119dzyg\u00f3rze a Okruh Stronie, kter\u00e9 za\u010d\u00ednaj\u00ed v Mi\u0119dzyg\u00f3rze. Trasa vybudovan\u00e1 v r\u00e1mci projektu m\u011b\u0159\u00ed 28,7 km, z \u010deho\u017e 20,1 km m\u011b\u0159\u00ed samotn\u00fd okruh Mi\u0119dzyg\u00f3rze st\u0159edn\u00edho stupni obt\u00ed\u017enosti.<\/li>\n<\/ul>\n<p>Ka\u017ed\u00fd okruh m\u00e1 n\u00e1stupn\u00ed m\u00edsto, objekty byly vybaveny stanic\u00ed pro rychlou opravu j\u00edzdn\u00edch kol, nab\u00edjec\u00ed stanic\u00ed pro elektrokola, informa\u010dn\u00edmi tabulemi v\u010detn\u011b map cyklotras a zast\u0159e\u0161en\u00fdmi odpo\u010d\u00edvadly. Trasy jsou jednodu\u0161e ozna\u010deny charakteristick\u00fdm logem singltrek Glacensis. V\u00edce informac\u00ed m\u016f\u017eete nal\u00e9zt na internetov\u00e9 stran\u011b: <a href=\"http:\/\/www.singletrackglacensis.eu\">www.singletrackglacensis.eu<\/a>, na n\u00ed\u017e byly trasy propojeny s turistick\u00fdmi atrakcemi a informacemi o p\u016fj\u010dovn\u00e1ch a cykloservisech. Mobiln\u00ed mapa se nach\u00e1z\u00ed na internetov\u00e9 stran\u011b: <a href=\"http:\/\/www.eziemiaklodzka.pl\">www.eziemiaklodzka.pl<\/a>.<\/p>\n<p>Dostupn\u00e1 je aplikace Singltrek Glacensis na Traseo, TrialForks pro Android, IOS v polsk\u00e9 a anglick\u00e9 verzi.<\/p>\n<p><img loading=\"lazy\" decoding=\"async\" class=\"alignnone wp-image-2822 size-full\" src=\"https:\/\/singletrackglacensis.eu\/wp-content\/uploads\/2020\/09\/image2.jpeg\" alt=\"Brak opisu obrazka\" width=\"2560\" height=\"1059\" \/><\/p>\n<p><img loading=\"lazy\" decoding=\"async\" class=\"alignnone wp-image-809 \" src=\"https:\/\/singletrackglacensis.eu\/wp-content\/uploads\/2020\/06\/peklak-cz2-1024x576.jpeg\" alt=\"Brak opisu obrazka\" width=\"1086\" height=\"611\" srcset=\"https:\/\/wcag.singletrackglacensis.eu\/wp-content\/uploads\/2020\/06\/peklak-cz2-1024x576.jpeg 1024w, https:\/\/wcag.singletrackglacensis.eu\/wp-content\/uploads\/2020\/06\/peklak-cz2-450x253.jpeg 450w, https:\/\/wcag.singletrackglacensis.eu\/wp-content\/uploads\/2020\/06\/peklak-cz2-150x84.jpeg 150w, https:\/\/wcag.singletrackglacensis.eu\/wp-content\/uploads\/2020\/06\/peklak-cz2-768x432.jpeg 768w, https:\/\/wcag.singletrackglacensis.eu\/wp-content\/uploads\/2020\/06\/peklak-cz2-1536x864.jpeg 1536w, https:\/\/wcag.singletrackglacensis.eu\/wp-content\/uploads\/2020\/06\/peklak-cz2-1320x743.jpeg 1320w, https:\/\/wcag.singletrackglacensis.eu\/wp-content\/uploads\/2020\/06\/peklak-cz2.jpeg 1600w\" sizes=\"auto, (max-width: 1086px) 100vw, 1086px\" \/><\/p>\n<p>&nbsp;<\/p>\n","protected":false},"excerpt":{"rendered":"<p>C\u00edle projektu C\u00edlem projektu je vytvo\u0159it v regionu Orlick\u00fdch a Byst\u0159ick\u00fdch hor a podh\u016f\u0159\u00ed nov\u00fd atraktivn\u00ed produkt cestovn\u00edho ruchu \u0161etrn\u00fd k p\u0159\u00edrod\u011b, 4 bike are\u00e1ly se singletracky: Pekl\u00e1k \u010cesk\u00e1 T\u0159ebov\u00e1, Zdobnice v Orl. Hor\u00e1ch, Spalona, Miedzygorze, zna\u010den\u00e9 spojky s logem Singletrack Glacensis mezi are\u00e1ly, propaga\u010dn\u00ed a informa\u010dn\u00ed \u010dinnost. V are\u00e1lu Pekl\u00e1k prob\u011bhne ve\u0159ejn\u00e1 bikersk\u00e1. Hlavn\u00ed [&hellip;]<\/p>\n","protected":false},"author":1,"featured_media":807,"parent":0,"menu_order":0,"comment_status":"closed","ping_status":"closed","template":"","meta":{"footnotes":""},"class_list":["post-480","page","type-page","status-publish","hentry"],"yoast_head":"<!-- This site is optimized with the Yoast SEO plugin v26.8 - https:\/\/yoast.com\/product\/yoast-seo-wordpress\/ -->\n<title>O projektu | Singletrack Glacensis<\/title>\n<meta name=\"robots\" content=\"index, follow, max-snippet:-1, max-image-preview:large, max-video-preview:-1\" \/>\n<link rel=\"canonical\" href=\"https:\/\/www.singletrackglacensis.eu\/cs\/o-projektu\/\" \/>\n<meta property=\"og:locale\" content=\"cs_CZ\" \/>\n<meta property=\"og:type\" content=\"article\" \/>\n<meta property=\"og:title\" content=\"O projektu | Singletrack Glacensis\" \/>\n<meta property=\"og:description\" content=\"C\u00edle projektu C\u00edlem projektu je vytvo\u0159it v regionu Orlick\u00fdch a Byst\u0159ick\u00fdch hor a podh\u016f\u0159\u00ed nov\u00fd atraktivn\u00ed produkt cestovn\u00edho ruchu \u0161etrn\u00fd k p\u0159\u00edrod\u011b, 4 bike are\u00e1ly se singletracky: Pekl\u00e1k \u010cesk\u00e1 T\u0159ebov\u00e1, Zdobnice v Orl. Hor\u00e1ch, Spalona, Miedzygorze, zna\u010den\u00e9 spojky s logem Singletrack Glacensis mezi are\u00e1ly, propaga\u010dn\u00ed a informa\u010dn\u00ed \u010dinnost. V are\u00e1lu Pekl\u00e1k prob\u011bhne ve\u0159ejn\u00e1 bikersk\u00e1. Hlavn\u00ed [&hellip;]\" \/>\n<meta property=\"og:url\" content=\"https:\/\/www.singletrackglacensis.eu\/cs\/o-projektu\/\" \/>\n<meta property=\"og:site_name\" content=\"Singletrack Glacensis\" \/>\n<meta property=\"article:modified_time\" content=\"2020-09-30T13:53:46+00:00\" \/>\n<meta property=\"og:image\" content=\"https:\/\/www.singletrackglacensis.eu\/wp-content\/uploads\/2020\/06\/peklak-cz.jpeg\" \/>\n\t<meta property=\"og:image:width\" content=\"1600\" \/>\n\t<meta property=\"og:image:height\" content=\"900\" \/>\n\t<meta property=\"og:image:type\" content=\"image\/jpeg\" \/>\n<meta name=\"twitter:card\" content=\"summary_large_image\" \/>\n<meta name=\"twitter:label1\" content=\"Odhadovan\u00e1 doba \u010dten\u00ed\" \/>\n\t<meta name=\"twitter:data1\" content=\"2 minuty\" \/>\n<script type=\"application\/ld+json\" class=\"yoast-schema-graph\">{\"@context\":\"https:\/\/schema.org\",\"@graph\":[{\"@type\":\"WebPage\",\"@id\":\"https:\/\/www.singletrackglacensis.eu\/cs\/o-projektu\/\",\"url\":\"https:\/\/www.singletrackglacensis.eu\/cs\/o-projektu\/\",\"name\":\"O projektu | Singletrack Glacensis\",\"isPartOf\":{\"@id\":\"https:\/\/www.singletrackglacensis.eu\/en\/#website\"},\"primaryImageOfPage\":{\"@id\":\"https:\/\/www.singletrackglacensis.eu\/cs\/o-projektu\/#primaryimage\"},\"image\":{\"@id\":\"https:\/\/www.singletrackglacensis.eu\/cs\/o-projektu\/#primaryimage\"},\"thumbnailUrl\":\"https:\/\/wcag.singletrackglacensis.eu\/wp-content\/uploads\/2020\/06\/peklak-cz.jpeg\",\"datePublished\":\"2020-06-03T09:35:21+00:00\",\"dateModified\":\"2020-09-30T13:53:46+00:00\",\"breadcrumb\":{\"@id\":\"https:\/\/www.singletrackglacensis.eu\/cs\/o-projektu\/#breadcrumb\"},\"inLanguage\":\"cs\",\"potentialAction\":[{\"@type\":\"ReadAction\",\"target\":[\"https:\/\/www.singletrackglacensis.eu\/cs\/o-projektu\/\"]}]},{\"@type\":\"ImageObject\",\"inLanguage\":\"cs\",\"@id\":\"https:\/\/www.singletrackglacensis.eu\/cs\/o-projektu\/#primaryimage\",\"url\":\"https:\/\/wcag.singletrackglacensis.eu\/wp-content\/uploads\/2020\/06\/peklak-cz.jpeg\",\"contentUrl\":\"https:\/\/wcag.singletrackglacensis.eu\/wp-content\/uploads\/2020\/06\/peklak-cz.jpeg\",\"width\":1600,\"height\":900},{\"@type\":\"BreadcrumbList\",\"@id\":\"https:\/\/www.singletrackglacensis.eu\/cs\/o-projektu\/#breadcrumb\",\"itemListElement\":[{\"@type\":\"ListItem\",\"position\":1,\"name\":\"Home\",\"item\":\"https:\/\/wcag.singletrackglacensis.eu\/cs\/\"},{\"@type\":\"ListItem\",\"position\":2,\"name\":\"O projektu\"}]},{\"@type\":\"WebSite\",\"@id\":\"https:\/\/www.singletrackglacensis.eu\/en\/#website\",\"url\":\"https:\/\/www.singletrackglacensis.eu\/en\/\",\"name\":\"Singletrack Glacensis\",\"description\":\"\",\"publisher\":{\"@id\":\"https:\/\/www.singletrackglacensis.eu\/en\/#organization\"},\"potentialAction\":[{\"@type\":\"SearchAction\",\"target\":{\"@type\":\"EntryPoint\",\"urlTemplate\":\"https:\/\/www.singletrackglacensis.eu\/en\/?s={search_term_string}\"},\"query-input\":{\"@type\":\"PropertyValueSpecification\",\"valueRequired\":true,\"valueName\":\"search_term_string\"}}],\"inLanguage\":\"cs\"},{\"@type\":\"Organization\",\"@id\":\"https:\/\/www.singletrackglacensis.eu\/en\/#organization\",\"name\":\"Singletrack Glacensis\",\"url\":\"https:\/\/www.singletrackglacensis.eu\/en\/\",\"logo\":{\"@type\":\"ImageObject\",\"inLanguage\":\"cs\",\"@id\":\"https:\/\/www.singletrackglacensis.eu\/en\/#\/schema\/logo\/image\/\",\"url\":\"https:\/\/singletrackglacensis.eu\/wp-content\/uploads\/2020\/06\/st-logo.jpg\",\"contentUrl\":\"https:\/\/singletrackglacensis.eu\/wp-content\/uploads\/2020\/06\/st-logo.jpg\",\"width\":170,\"height\":70,\"caption\":\"Singletrack Glacensis\"},\"image\":{\"@id\":\"https:\/\/www.singletrackglacensis.eu\/en\/#\/schema\/logo\/image\/\"}}]}<\/script>\n<!-- \/ Yoast SEO plugin. -->","yoast_head_json":{"title":"O projektu | Singletrack Glacensis","robots":{"index":"index","follow":"follow","max-snippet":"max-snippet:-1","max-image-preview":"max-image-preview:large","max-video-preview":"max-video-preview:-1"},"canonical":"https:\/\/www.singletrackglacensis.eu\/cs\/o-projektu\/","og_locale":"cs_CZ","og_type":"article","og_title":"O projektu | Singletrack Glacensis","og_description":"C\u00edle projektu C\u00edlem projektu je vytvo\u0159it v regionu Orlick\u00fdch a Byst\u0159ick\u00fdch hor a podh\u016f\u0159\u00ed nov\u00fd atraktivn\u00ed produkt cestovn\u00edho ruchu \u0161etrn\u00fd k p\u0159\u00edrod\u011b, 4 bike are\u00e1ly se singletracky: Pekl\u00e1k \u010cesk\u00e1 T\u0159ebov\u00e1, Zdobnice v Orl. Hor\u00e1ch, Spalona, Miedzygorze, zna\u010den\u00e9 spojky s logem Singletrack Glacensis mezi are\u00e1ly, propaga\u010dn\u00ed a informa\u010dn\u00ed \u010dinnost. V are\u00e1lu Pekl\u00e1k prob\u011bhne ve\u0159ejn\u00e1 bikersk\u00e1. Hlavn\u00ed [&hellip;]","og_url":"https:\/\/www.singletrackglacensis.eu\/cs\/o-projektu\/","og_site_name":"Singletrack Glacensis","article_modified_time":"2020-09-30T13:53:46+00:00","og_image":[{"width":1600,"height":900,"url":"https:\/\/www.singletrackglacensis.eu\/wp-content\/uploads\/2020\/06\/peklak-cz.jpeg","type":"image\/jpeg"}],"twitter_card":"summary_large_image","twitter_misc":{"Odhadovan\u00e1 doba \u010dten\u00ed":"2 minuty"},"schema":{"@context":"https:\/\/schema.org","@graph":[{"@type":"WebPage","@id":"https:\/\/www.singletrackglacensis.eu\/cs\/o-projektu\/","url":"https:\/\/www.singletrackglacensis.eu\/cs\/o-projektu\/","name":"O projektu | Singletrack Glacensis","isPartOf":{"@id":"https:\/\/www.singletrackglacensis.eu\/en\/#website"},"primaryImageOfPage":{"@id":"https:\/\/www.singletrackglacensis.eu\/cs\/o-projektu\/#primaryimage"},"image":{"@id":"https:\/\/www.singletrackglacensis.eu\/cs\/o-projektu\/#primaryimage"},"thumbnailUrl":"https:\/\/wcag.singletrackglacensis.eu\/wp-content\/uploads\/2020\/06\/peklak-cz.jpeg","datePublished":"2020-06-03T09:35:21+00:00","dateModified":"2020-09-30T13:53:46+00:00","breadcrumb":{"@id":"https:\/\/www.singletrackglacensis.eu\/cs\/o-projektu\/#breadcrumb"},"inLanguage":"cs","potentialAction":[{"@type":"ReadAction","target":["https:\/\/www.singletrackglacensis.eu\/cs\/o-projektu\/"]}]},{"@type":"ImageObject","inLanguage":"cs","@id":"https:\/\/www.singletrackglacensis.eu\/cs\/o-projektu\/#primaryimage","url":"https:\/\/wcag.singletrackglacensis.eu\/wp-content\/uploads\/2020\/06\/peklak-cz.jpeg","contentUrl":"https:\/\/wcag.singletrackglacensis.eu\/wp-content\/uploads\/2020\/06\/peklak-cz.jpeg","width":1600,"height":900},{"@type":"BreadcrumbList","@id":"https:\/\/www.singletrackglacensis.eu\/cs\/o-projektu\/#breadcrumb","itemListElement":[{"@type":"ListItem","position":1,"name":"Home","item":"https:\/\/wcag.singletrackglacensis.eu\/cs\/"},{"@type":"ListItem","position":2,"name":"O projektu"}]},{"@type":"WebSite","@id":"https:\/\/www.singletrackglacensis.eu\/en\/#website","url":"https:\/\/www.singletrackglacensis.eu\/en\/","name":"Singletrack Glacensis","description":"","publisher":{"@id":"https:\/\/www.singletrackglacensis.eu\/en\/#organization"},"potentialAction":[{"@type":"SearchAction","target":{"@type":"EntryPoint","urlTemplate":"https:\/\/www.singletrackglacensis.eu\/en\/?s={search_term_string}"},"query-input":{"@type":"PropertyValueSpecification","valueRequired":true,"valueName":"search_term_string"}}],"inLanguage":"cs"},{"@type":"Organization","@id":"https:\/\/www.singletrackglacensis.eu\/en\/#organization","name":"Singletrack Glacensis","url":"https:\/\/www.singletrackglacensis.eu\/en\/","logo":{"@type":"ImageObject","inLanguage":"cs","@id":"https:\/\/www.singletrackglacensis.eu\/en\/#\/schema\/logo\/image\/","url":"https:\/\/singletrackglacensis.eu\/wp-content\/uploads\/2020\/06\/st-logo.jpg","contentUrl":"https:\/\/singletrackglacensis.eu\/wp-content\/uploads\/2020\/06\/st-logo.jpg","width":170,"height":70,"caption":"Singletrack Glacensis"},"image":{"@id":"https:\/\/www.singletrackglacensis.eu\/en\/#\/schema\/logo\/image\/"}}]}},"_links":{"self":[{"href":"https:\/\/wcag.singletrackglacensis.eu\/cs\/wp-json\/wp\/v2\/pages\/480","targetHints":{"allow":["GET"]}}],"collection":[{"href":"https:\/\/wcag.singletrackglacensis.eu\/cs\/wp-json\/wp\/v2\/pages"}],"about":[{"href":"https:\/\/wcag.singletrackglacensis.eu\/cs\/wp-json\/wp\/v2\/types\/page"}],"author":[{"embeddable":true,"href":"https:\/\/wcag.singletrackglacensis.eu\/cs\/wp-json\/wp\/v2\/users\/1"}],"replies":[{"embeddable":true,"href":"https:\/\/wcag.singletrackglacensis.eu\/cs\/wp-json\/wp\/v2\/comments?post=480"}],"version-history":[{"count":9,"href":"https:\/\/wcag.singletrackglacensis.eu\/cs\/wp-json\/wp\/v2\/pages\/480\/revisions"}],"predecessor-version":[{"id":2845,"href":"https:\/\/wcag.singletrackglacensis.eu\/cs\/wp-json\/wp\/v2\/pages\/480\/revisions\/2845"}],"wp:featuredmedia":[{"embeddable":true,"href":"https:\/\/wcag.singletrackglacensis.eu\/cs\/wp-json\/wp\/v2\/media\/807"}],"wp:attachment":[{"href":"https:\/\/wcag.singletrackglacensis.eu\/cs\/wp-json\/wp\/v2\/media?parent=480"}],"curies":[{"name":"wp","href":"https:\/\/api.w.org\/{rel}","templated":true}]}}